{"id":97,"date":"2024-08-13T01:13:44","date_gmt":"2024-08-13T01:13:05","guid":{"rendered":"https:\/\/app.chicagonurse.org\/?page_id=97"},"modified":"2024-10-04T20:00:37","modified_gmt":"2024-10-04T20:00:37","slug":"exam","status":"publish","type":"page","link":"https:\/\/app.chicagobilingualnurse.org\/mx\/steps\/exam\/","title":{"rendered":"Tomar el examen de competencia en ingl\u00e9s"},"content":{"rendered":"\n<p>Si tu educaci\u00f3n formal fue en ingl\u00e9s, puedes marcar esta tarea y la siguiente como completadas y saltearlas. De lo contrario, si dominas el ingl\u00e9s o ya realizaste el examen de competencia, tendr\u00e1s que presentar prueba de que aprobaste el examen y cu\u00e1ndo.<\/p>\n\n\n\n<ul class=\"wp-block-list\">\n<li><a href=\"https:\/\/v2.ereg.ets.org\/ereg\/public\/ui\/profile\/create\/account\">Cree una cuenta<\/a> en ETS y <a href=\"https:\/\/v2.ereg.ets.org\/ereg\/public\/jump?_p=TEL\">luego inicie sesi\u00f3n<\/a>.<\/li>\n\n\n\n<li>Utilice <a href=\"https:\/\/testready.ets.org\/\">el sistema ETS Testready<\/a> para prepararse para su examen.<\/li>\n\n\n\n<li>Cuando est\u00e9 listo, puede <a href=\"https:\/\/v2.ereg.ets.org\/ereg\/public\/workflowmanager\/schlWorkflow?_p=TEL\">registrarse para una prueba<\/a> en su \u00e1rea.<\/li>\n<\/ul>\n\n\n\n<p>Esta prueba costar\u00e1 <strong>$255<\/strong>. Cuando te registres, aseg\u00farate de avisarle a ETS que env\u00ede los resultados a CGFNS e IDFPR, as\u00ed como a ti mismo. Recibir\u00e1s el resultado de tu examen, por correo electr\u00f3nico, dentro de las 48 horas posteriores a la realizaci\u00f3n de la prueba.<\/p>\n","protected":false},"excerpt":{"rendered":"<p>Si tu educaci\u00f3n formal fue en ingl\u00e9s, puedes marcar esta tarea y la siguiente como completadas y saltearlas. De lo contrario, si dominas el ingl\u00e9s o ya realizaste el examen de competencia, tendr\u00e1s que presentar prueba de que aprobaste el examen y cu\u00e1ndo. Esta prueba costar\u00e1 $255. Cuando te registres, aseg\u00farate de avisarle a ETS [&hellip;]<\/p>\n","protected":false},"author":7,"featured_media":0,"parent":91,"menu_order":2,"comment_status":"closed","ping_status":"closed","template":"","meta":{"_acf_changed":false,"footnotes":""},"class_list":["post-97","page","type-page","status-publish","hentry"],"translation":{"provider":"WPGlobus","version":"3.0.0","language":"mx","enabled_languages":["en","mx","br"],"languages":{"en":{"title":true,"content":true,"excerpt":false},"mx":{"title":true,"content":true,"excerpt":false},"br":{"title":true,"content":true,"excerpt":false}}},"acf":[],"jetpack_sharing_enabled":true,"_links":{"self":[{"href":"https:\/\/app.chicagobilingualnurse.org\/mx\/wp-json\/wp\/v2\/pages\/97","targetHints":{"allow":["GET"]}}],"collection":[{"href":"https:\/\/app.chicagobilingualnurse.org\/mx\/wp-json\/wp\/v2\/pages"}],"about":[{"href":"https:\/\/app.chicagobilingualnurse.org\/mx\/wp-json\/wp\/v2\/types\/page"}],"author":[{"embeddable":true,"href":"https:\/\/app.chicagobilingualnurse.org\/mx\/wp-json\/wp\/v2\/users\/7"}],"replies":[{"embeddable":true,"href":"https:\/\/app.chicagobilingualnurse.org\/mx\/wp-json\/wp\/v2\/comments?post=97"}],"version-history":[{"count":24,"href":"https:\/\/app.chicagobilingualnurse.org\/mx\/wp-json\/wp\/v2\/pages\/97\/revisions"}],"predecessor-version":[{"id":780,"href":"https:\/\/app.chicagobilingualnurse.org\/mx\/wp-json\/wp\/v2\/pages\/97\/revisions\/780"}],"up":[{"embeddable":true,"href":"https:\/\/app.chicagobilingualnurse.org\/mx\/wp-json\/wp\/v2\/pages\/91"}],"wp:attachment":[{"href":"https:\/\/app.chicagobilingualnurse.org\/mx\/wp-json\/wp\/v2\/media?parent=97"}],"curies":[{"name":"wp","href":"https:\/\/api.w.org\/{rel}","templated":true}]}}