{"id":99,"date":"2024-08-13T01:13:44","date_gmt":"2024-08-13T01:13:40","guid":{"rendered":"https:\/\/app.chicagonurse.org\/?page_id=99"},"modified":"2024-10-04T19:58:36","modified_gmt":"2024-10-04T19:58:36","slug":"cna","status":"publish","type":"page","link":"https:\/\/app.chicagobilingualnurse.org\/mx\/steps\/or\/cna\/","title":{"rendered":"Aplicar para convertirse en un CNA"},"content":{"rendered":"\n<p>Como alternativa al NCLEX, puedes realizar un examen para convertirte en CNA (asistente de enfermer\u00eda certificado) en Illinois. Esto te brinda la oportunidad de trabajar en el campo de la atenci\u00f3n m\u00e9dica mientras te preparas y te da una idea de c\u00f3mo es la enfermer\u00eda en Illinois. Podr\u00e1s establecer contactos con otros enfermeros y tendr\u00e1s la oportunidad de realizar trabajos de enfermer\u00eda bajo supervisi\u00f3n hasta que obtengas tu licencia.<\/p>\n\n\n\n<p>Para completar este paso, puedes completar el PDF incrustado y usar el bot\u00f3n de descarga en la parte superior derecha para guardar el documento &#8220;con cambios&#8221;. Necesitar\u00e1s una <strong>impresora<\/strong> para este paso porque debes firmar el documento.<\/p>\n\n\n\n<p>Tambi\u00e9n deber\u00e1 proporcionar varios documentos:<\/p>\n\n\n\n<ul class=\"wp-block-list\">\n<li>Necesitar\u00e1 incluir su <strong>diploma<\/strong> de LPN o RN, u otra prueba de que complet\u00f3 un programa de enfermer\u00eda, traducido al ingl\u00e9s.<\/li>\n\n\n\n<li>Deber\u00e1s enviar tu <strong>expediente acad\u00e9mico oficial<\/strong>, traducido al ingl\u00e9s. El expediente acad\u00e9mico debe incluir el total de horas cl\u00ednicas de capacitaci\u00f3n que recibiste para cada curso.<\/li>\n\n\n\n<li>Necesitar\u00e1 adjuntar una copia de la <strong>tarjeta de Seguro Social<\/strong>.<\/li>\n<\/ul>\n\n\n\n<div data-wp-interactive=\"core\/file\" class=\"wp-block-file\"><object data-wp-bind--hidden=\"!state.hasPdfPreview\" hidden class=\"wp-block-file__embed\" data=\"\/assets\/cna.pdf\" type=\"application\/pdf\" style=\"width:100%;height:600px\" aria-label=\"PDF incrustado\"><\/object><\/div>\n\n\n\n<p>Una vez que complete el formulario, puede escanearlo y <a href=\"mailto:dph.hcwr@illinois.gov\">enviarlo por correo electr\u00f3nico a dph.hcwr@illinois.gov<\/a> junto con los dem\u00e1s documentos enumerados anteriormente. Si lo aceptan, el IDFPR le enviar\u00e1 por correo electr\u00f3nico instrucciones para inscribirse para el examen de competencia escrita. Mientras tanto, puede prepararse haciendo <a href=\"https:\/\/cna.plus\/cna-practice-test\/\">un examen de pr\u00e1ctica<\/a>.<\/p>\n\n\n\n<p>Tenga en cuenta que esta es <strong>una oportunidad \u00fanica<\/strong>. Si no env\u00eda la solicitud correctamente, no se presenta al examen o no aprueba el examen, no podr\u00e1 volver a intentarlo.<\/p>\n","protected":false},"excerpt":{"rendered":"<p>Como alternativa al NCLEX, puedes realizar un examen para convertirte en CNA (asistente de enfermer\u00eda certificado) en Illinois. Esto te brinda la oportunidad de trabajar en el campo de la atenci\u00f3n m\u00e9dica mientras te preparas y te da una idea de c\u00f3mo es la enfermer\u00eda en Illinois. Podr\u00e1s establecer contactos con otros enfermeros y tendr\u00e1s [&hellip;]<\/p>\n","protected":false},"author":7,"featured_media":0,"parent":113,"menu_order":0,"comment_status":"closed","ping_status":"closed","template":"","meta":{"_acf_changed":false,"footnotes":""},"class_list":["post-99","page","type-page","status-publish","hentry"],"translation":{"provider":"WPGlobus","version":"3.0.0","language":"mx","enabled_languages":["en","mx","br"],"languages":{"en":{"title":true,"content":true,"excerpt":false},"mx":{"title":true,"content":true,"excerpt":false},"br":{"title":true,"content":true,"excerpt":false}}},"acf":[],"jetpack_sharing_enabled":true,"_links":{"self":[{"href":"https:\/\/app.chicagobilingualnurse.org\/mx\/wp-json\/wp\/v2\/pages\/99","targetHints":{"allow":["GET"]}}],"collection":[{"href":"https:\/\/app.chicagobilingualnurse.org\/mx\/wp-json\/wp\/v2\/pages"}],"about":[{"href":"https:\/\/app.chicagobilingualnurse.org\/mx\/wp-json\/wp\/v2\/types\/page"}],"author":[{"embeddable":true,"href":"https:\/\/app.chicagobilingualnurse.org\/mx\/wp-json\/wp\/v2\/users\/7"}],"replies":[{"embeddable":true,"href":"https:\/\/app.chicagobilingualnurse.org\/mx\/wp-json\/wp\/v2\/comments?post=99"}],"version-history":[{"count":28,"href":"https:\/\/app.chicagobilingualnurse.org\/mx\/wp-json\/wp\/v2\/pages\/99\/revisions"}],"predecessor-version":[{"id":777,"href":"https:\/\/app.chicagobilingualnurse.org\/mx\/wp-json\/wp\/v2\/pages\/99\/revisions\/777"}],"up":[{"embeddable":true,"href":"https:\/\/app.chicagobilingualnurse.org\/mx\/wp-json\/wp\/v2\/pages\/113"}],"wp:attachment":[{"href":"https:\/\/app.chicagobilingualnurse.org\/mx\/wp-json\/wp\/v2\/media?parent=99"}],"curies":[{"name":"wp","href":"https:\/\/api.w.org\/{rel}","templated":true}]}}